{"id":141,"date":"2024-06-08T11:31:45","date_gmt":"2024-06-08T14:31:45","guid":{"rendered":"https:\/\/solucaoclean.com.br\/?page_id=141"},"modified":"2024-10-11T18:09:41","modified_gmt":"2024-10-11T21:09:41","slug":"servicos","status":"publish","type":"page","link":"https:\/\/solucaoclean.com.br\/index.php\/servicos\/","title":{"rendered":"Servi\u00e7os"},"content":{"rendered":"\t\t<div data-elementor-type=\"wp-page\" data-elementor-id=\"141\" class=\"elementor elementor-141\" data-elementor-post-type=\"page\">\n\t\t\t\t<div class=\"elementor-element elementor-element-fa8a65e e-flex e-con-boxed e-con e-parent\" data-id=\"fa8a65e\" data-element_type=\"container\">\n\t\t\t\t\t<div class=\"e-con-inner\">\n\t\t\t\t<div class=\"elementor-element elementor-element-9b79ccc elementor-widget elementor-widget-heading\" data-id=\"9b79ccc\" data-element_type=\"widget\" data-widget_type=\"heading.default\">\n\t\t\t\t<div class=\"elementor-widget-container\">\n\t\t\t\t\t<h2 class=\"elementor-heading-title elementor-size-default\">Conhe\u00e7a meus servi\u00e7os!<\/h2>\t\t\t\t<\/div>\n\t\t\t\t<\/div>\n\t\t\t\t\t<\/div>\n\t\t\t\t<\/div>\n\t\t\t\t<section class=\"elementor-section elementor-top-section elementor-element elementor-element-76fabc3f elementor-section-boxed elementor-section-height-default elementor-section-height-default\" data-id=\"76fabc3f\" data-element_type=\"section\" data-settings=\"{&quot;background_background&quot;:&quot;classic&quot;}\">\n\t\t\t\t\t\t<div class=\"elementor-container elementor-column-gap-default\">\n\t\t\t\t\t<div class=\"elementor-column elementor-col-50 elementor-top-column elementor-element elementor-element-4f963767\" data-id=\"4f963767\" data-element_type=\"column\">\n\t\t\t<div class=\"elementor-widget-wrap elementor-element-populated\">\n\t\t\t\t\t\t<div class=\"elementor-element elementor-element-3d83de90 elementor-widget elementor-widget-image\" data-id=\"3d83de90\" data-element_type=\"widget\" data-widget_type=\"image.default\">\n\t\t\t\t<div class=\"elementor-widget-container\">\n\t\t\t\t\t\t\t\t\t\t\t\t\t\t\t<img fetchpriority=\"high\" decoding=\"async\" width=\"2560\" height=\"1707\" src=\"https:\/\/solucaoclean.com.br\/wp-content\/uploads\/2024\/10\/man-doing-professional-home-cleaning-service-1-scaled.jpg\" class=\"elementor-animation-float attachment-full size-full wp-image-1201\" alt=\"\" srcset=\"https:\/\/solucaoclean.com.br\/wp-content\/uploads\/2024\/10\/man-doing-professional-home-cleaning-service-1-scaled.jpg 2560w, https:\/\/solucaoclean.com.br\/wp-content\/uploads\/2024\/10\/man-doing-professional-home-cleaning-service-1-300x200.jpg 300w, https:\/\/solucaoclean.com.br\/wp-content\/uploads\/2024\/10\/man-doing-professional-home-cleaning-service-1-1024x683.jpg 1024w, https:\/\/solucaoclean.com.br\/wp-content\/uploads\/2024\/10\/man-doing-professional-home-cleaning-service-1-768x512.jpg 768w, https:\/\/solucaoclean.com.br\/wp-content\/uploads\/2024\/10\/man-doing-professional-home-cleaning-service-1-1536x1024.jpg 1536w, https:\/\/solucaoclean.com.br\/wp-content\/uploads\/2024\/10\/man-doing-professional-home-cleaning-service-1-2048x1365.jpg 2048w\" sizes=\"(max-width: 2560px) 100vw, 2560px\" \/>\t\t\t\t\t\t\t\t\t\t\t\t\t\t\t<\/div>\n\t\t\t\t<\/div>\n\t\t\t\t\t<\/div>\n\t\t<\/div>\n\t\t\t\t<div class=\"elementor-column elementor-col-50 elementor-top-column elementor-element elementor-element-2d0d092\" data-id=\"2d0d092\" data-element_type=\"column\">\n\t\t\t<div class=\"elementor-widget-wrap elementor-element-populated\">\n\t\t\t\t\t\t<section class=\"elementor-section elementor-inner-section elementor-element elementor-element-430fb22d elementor-section-boxed elementor-section-height-default elementor-section-height-default\" data-id=\"430fb22d\" data-element_type=\"section\">\n\t\t\t\t\t\t<div class=\"elementor-container elementor-column-gap-default\">\n\t\t\t\t\t<div class=\"elementor-column elementor-col-100 elementor-inner-column elementor-element elementor-element-3cb8ed4e\" data-id=\"3cb8ed4e\" data-element_type=\"column\">\n\t\t\t<div class=\"elementor-widget-wrap elementor-element-populated\">\n\t\t\t\t\t\t<div class=\"elementor-element elementor-element-372dcc8 elementor-widget elementor-widget-heading\" data-id=\"372dcc8\" data-element_type=\"widget\" data-widget_type=\"heading.default\">\n\t\t\t\t<div class=\"elementor-widget-container\">\n\t\t\t\t\t<h3 class=\"elementor-heading-title elementor-size-default\">Proteja sua fam\u00edlia.<\/h3>\t\t\t\t<\/div>\n\t\t\t\t<\/div>\n\t\t\t\t<div class=\"elementor-element elementor-element-24eea081 elementor-widget-divider--view-line elementor-widget elementor-widget-divider\" data-id=\"24eea081\" data-element_type=\"widget\" data-settings=\"{&quot;motion_fx_motion_fx_scrolling&quot;:&quot;yes&quot;,&quot;motion_fx_translateX_effect&quot;:&quot;yes&quot;,&quot;motion_fx_translateX_speed&quot;:{&quot;unit&quot;:&quot;px&quot;,&quot;size&quot;:4,&quot;sizes&quot;:[]},&quot;motion_fx_translateX_affectedRange&quot;:{&quot;unit&quot;:&quot;%&quot;,&quot;size&quot;:&quot;&quot;,&quot;sizes&quot;:{&quot;start&quot;:0,&quot;end&quot;:100}},&quot;motion_fx_devices&quot;:[&quot;desktop&quot;,&quot;laptop&quot;,&quot;tablet&quot;,&quot;mobile&quot;]}\" data-widget_type=\"divider.default\">\n\t\t\t\t<div class=\"elementor-widget-container\">\n\t\t\t\t\t\t\t<div class=\"elementor-divider\">\n\t\t\t<span class=\"elementor-divider-separator\">\n\t\t\t\t\t\t<\/span>\n\t\t<\/div>\n\t\t\t\t\t\t<\/div>\n\t\t\t\t<\/div>\n\t\t\t\t<div class=\"elementor-element elementor-element-27b70b01 elementor-widget elementor-widget-text-editor\" data-id=\"27b70b01\" data-element_type=\"widget\" data-widget_type=\"text-editor.default\">\n\t\t\t\t<div class=\"elementor-widget-container\">\n\t\t\t\t\t\t\t\t\t<p>Contratar um profissional para limpar seus estofados \u00e9 investir na sa\u00fade, bem-estar e durabilidade de seus m\u00f3veis. Al\u00e9m disso, voc\u00ea ganha tempo e tranquilidade, sabendo que seus estofados est\u00e3o em boas m\u00e3os.<\/p>\t\t\t\t\t\t\t\t<\/div>\n\t\t\t\t<\/div>\n\t\t\t\t<div class=\"elementor-element elementor-element-18ffb47f elementor-icon-list--layout-traditional elementor-list-item-link-full_width elementor-widget elementor-widget-icon-list\" data-id=\"18ffb47f\" data-element_type=\"widget\" data-widget_type=\"icon-list.default\">\n\t\t\t\t<div class=\"elementor-widget-container\">\n\t\t\t\t\t\t\t<ul class=\"elementor-icon-list-items\">\n\t\t\t\t\t\t\t<li class=\"elementor-icon-list-item\">\n\t\t\t\t\t\t\t\t\t\t\t<span class=\"elementor-icon-list-icon\">\n\t\t\t\t\t\t\t<svg aria-hidden=\"true\" class=\"e-font-icon-svg e-fas-check\" viewBox=\"0 0 512 512\" xmlns=\"http:\/\/www.w3.org\/2000\/svg\"><path d=\"M173.898 439.404l-166.4-166.4c-9.997-9.997-9.997-26.206 0-36.204l36.203-36.204c9.997-9.998 26.207-9.998 36.204 0L192 312.69 432.095 72.596c9.997-9.997 26.207-9.997 36.204 0l36.203 36.204c9.997 9.997 9.997 26.206 0 36.204l-294.4 294.401c-9.998 9.997-26.207 9.997-36.204-.001z\"><\/path><\/svg>\t\t\t\t\t\t<\/span>\n\t\t\t\t\t\t\t\t\t\t<span class=\"elementor-icon-list-text\">Higieniza\u00e7\u00e3o total<\/span>\n\t\t\t\t\t\t\t\t\t<\/li>\n\t\t\t\t\t\t\t\t<li class=\"elementor-icon-list-item\">\n\t\t\t\t\t\t\t\t\t\t\t<span class=\"elementor-icon-list-icon\">\n\t\t\t\t\t\t\t<svg aria-hidden=\"true\" class=\"e-font-icon-svg e-fas-check\" viewBox=\"0 0 512 512\" xmlns=\"http:\/\/www.w3.org\/2000\/svg\"><path d=\"M173.898 439.404l-166.4-166.4c-9.997-9.997-9.997-26.206 0-36.204l36.203-36.204c9.997-9.998 26.207-9.998 36.204 0L192 312.69 432.095 72.596c9.997-9.997 26.207-9.997 36.204 0l36.203 36.204c9.997 9.997 9.997 26.206 0 36.204l-294.4 294.401c-9.998 9.997-26.207 9.997-36.204-.001z\"><\/path><\/svg>\t\t\t\t\t\t<\/span>\n\t\t\t\t\t\t\t\t\t\t<span class=\"elementor-icon-list-text\">Proteja sua fam\u00edlia<\/span>\n\t\t\t\t\t\t\t\t\t<\/li>\n\t\t\t\t\t\t\t\t<li class=\"elementor-icon-list-item\">\n\t\t\t\t\t\t\t\t\t\t\t<span class=\"elementor-icon-list-icon\">\n\t\t\t\t\t\t\t<svg aria-hidden=\"true\" class=\"e-font-icon-svg e-fas-check\" viewBox=\"0 0 512 512\" xmlns=\"http:\/\/www.w3.org\/2000\/svg\"><path d=\"M173.898 439.404l-166.4-166.4c-9.997-9.997-9.997-26.206 0-36.204l36.203-36.204c9.997-9.998 26.207-9.998 36.204 0L192 312.69 432.095 72.596c9.997-9.997 26.207-9.997 36.204 0l36.203 36.204c9.997 9.997 9.997 26.206 0 36.204l-294.4 294.401c-9.998 9.997-26.207 9.997-36.204-.001z\"><\/path><\/svg>\t\t\t\t\t\t<\/span>\n\t\t\t\t\t\t\t\t\t\t<span class=\"elementor-icon-list-text\">Ambiente puro e livre de al\u00e9rgenos<\/span>\n\t\t\t\t\t\t\t\t\t<\/li>\n\t\t\t\t\t\t\t\t<li class=\"elementor-icon-list-item\">\n\t\t\t\t\t\t\t\t\t\t\t<span class=\"elementor-icon-list-icon\">\n\t\t\t\t\t\t\t<svg aria-hidden=\"true\" class=\"e-font-icon-svg e-fas-check\" viewBox=\"0 0 512 512\" xmlns=\"http:\/\/www.w3.org\/2000\/svg\"><path d=\"M173.898 439.404l-166.4-166.4c-9.997-9.997-9.997-26.206 0-36.204l36.203-36.204c9.997-9.998 26.207-9.998 36.204 0L192 312.69 432.095 72.596c9.997-9.997 26.207-9.997 36.204 0l36.203 36.204c9.997 9.997 9.997 26.206 0 36.204l-294.4 294.401c-9.998 9.997-26.207 9.997-36.204-.001z\"><\/path><\/svg>\t\t\t\t\t\t<\/span>\n\t\t\t\t\t\t\t\t\t\t<span class=\"elementor-icon-list-text\">Chame a gente!<\/span>\n\t\t\t\t\t\t\t\t\t<\/li>\n\t\t\t\t\t\t<\/ul>\n\t\t\t\t\t\t<\/div>\n\t\t\t\t<\/div>\n\t\t\t\t\t<\/div>\n\t\t<\/div>\n\t\t\t\t\t<\/div>\n\t\t<\/section>\n\t\t\t\t\t<\/div>\n\t\t<\/div>\n\t\t\t\t\t<\/div>\n\t\t<\/section>\n\t\t\t\t<section class=\"elementor-section elementor-top-section elementor-element elementor-element-eea3a4d elementor-section-boxed elementor-section-height-default elementor-section-height-default\" data-id=\"eea3a4d\" data-element_type=\"section\" data-settings=\"{&quot;background_background&quot;:&quot;classic&quot;}\">\n\t\t\t\t\t\t<div class=\"elementor-container elementor-column-gap-default\">\n\t\t\t\t\t<div class=\"elementor-column elementor-col-33 elementor-top-column elementor-element elementor-element-179caa24\" data-id=\"179caa24\" data-element_type=\"column\">\n\t\t\t<div class=\"elementor-widget-wrap elementor-element-populated\">\n\t\t\t\t\t\t<div class=\"elementor-element elementor-element-589f8fd7 elementor-position-top elementor-widget elementor-widget-image-box\" data-id=\"589f8fd7\" data-element_type=\"widget\" data-widget_type=\"image-box.default\">\n\t\t\t\t<div class=\"elementor-widget-container\">\n\t\t\t\t\t<div class=\"elementor-image-box-wrapper\"><figure class=\"elementor-image-box-img\"><img decoding=\"async\" width=\"2560\" height=\"1706\" src=\"https:\/\/solucaoclean.com.br\/wp-content\/uploads\/2024\/09\/girl-with-down-syndrome-her-father-sitting-floor-playing-playstation-scaled.jpg\" class=\"attachment-full size-full wp-image-1028\" alt=\"\" srcset=\"https:\/\/solucaoclean.com.br\/wp-content\/uploads\/2024\/09\/girl-with-down-syndrome-her-father-sitting-floor-playing-playstation-scaled.jpg 2560w, https:\/\/solucaoclean.com.br\/wp-content\/uploads\/2024\/09\/girl-with-down-syndrome-her-father-sitting-floor-playing-playstation-300x200.jpg 300w, https:\/\/solucaoclean.com.br\/wp-content\/uploads\/2024\/09\/girl-with-down-syndrome-her-father-sitting-floor-playing-playstation-1024x683.jpg 1024w, https:\/\/solucaoclean.com.br\/wp-content\/uploads\/2024\/09\/girl-with-down-syndrome-her-father-sitting-floor-playing-playstation-768x512.jpg 768w, https:\/\/solucaoclean.com.br\/wp-content\/uploads\/2024\/09\/girl-with-down-syndrome-her-father-sitting-floor-playing-playstation-1536x1024.jpg 1536w, https:\/\/solucaoclean.com.br\/wp-content\/uploads\/2024\/09\/girl-with-down-syndrome-her-father-sitting-floor-playing-playstation-2048x1365.jpg 2048w\" sizes=\"(max-width: 2560px) 100vw, 2560px\" \/><\/figure><div class=\"elementor-image-box-content\"><h3 class=\"elementor-image-box-title\">Linha domestica <\/h3><p class=\"elementor-image-box-description\">Transforme seus sof\u00e1s e poltronas em pe\u00e7as novas, eliminando manchas e revitalizando os n\u00facleos, e deixando sua casa mais aconchegante.<\/p><\/div><\/div>\t\t\t\t<\/div>\n\t\t\t\t<\/div>\n\t\t\t\t\t<\/div>\n\t\t<\/div>\n\t\t\t\t<div class=\"elementor-column elementor-col-33 elementor-top-column elementor-element elementor-element-18cf6379\" data-id=\"18cf6379\" data-element_type=\"column\">\n\t\t\t<div class=\"elementor-widget-wrap elementor-element-populated\">\n\t\t\t\t\t\t<div class=\"elementor-element elementor-element-40335673 elementor-position-top elementor-widget elementor-widget-image-box\" data-id=\"40335673\" data-element_type=\"widget\" data-widget_type=\"image-box.default\">\n\t\t\t\t<div class=\"elementor-widget-container\">\n\t\t\t\t\t<div class=\"elementor-image-box-wrapper\"><figure class=\"elementor-image-box-img\"><img decoding=\"async\" width=\"2560\" height=\"1707\" src=\"https:\/\/solucaoclean.com.br\/wp-content\/uploads\/2024\/09\/young-mother-walking-autumn-park-with-carriage-scaled.jpg\" class=\"attachment-full size-full wp-image-1027\" alt=\"\" srcset=\"https:\/\/solucaoclean.com.br\/wp-content\/uploads\/2024\/09\/young-mother-walking-autumn-park-with-carriage-scaled.jpg 2560w, https:\/\/solucaoclean.com.br\/wp-content\/uploads\/2024\/09\/young-mother-walking-autumn-park-with-carriage-300x200.jpg 300w, https:\/\/solucaoclean.com.br\/wp-content\/uploads\/2024\/09\/young-mother-walking-autumn-park-with-carriage-1024x683.jpg 1024w, https:\/\/solucaoclean.com.br\/wp-content\/uploads\/2024\/09\/young-mother-walking-autumn-park-with-carriage-768x512.jpg 768w, https:\/\/solucaoclean.com.br\/wp-content\/uploads\/2024\/09\/young-mother-walking-autumn-park-with-carriage-1536x1024.jpg 1536w, https:\/\/solucaoclean.com.br\/wp-content\/uploads\/2024\/09\/young-mother-walking-autumn-park-with-carriage-2048x1365.jpg 2048w, https:\/\/solucaoclean.com.br\/wp-content\/uploads\/2024\/09\/elementor\/thumbs\/young-mother-walking-autumn-park-with-carriage-scaled-quwaf1uxx2aa33jx92r81es8xsgcp4kon3yrhx94tc.jpg 600w\" sizes=\"(max-width: 2560px) 100vw, 2560px\" \/><\/figure><div class=\"elementor-image-box-content\"><h3 class=\"elementor-image-box-title\">LINHA BABY<\/h3><p class=\"elementor-image-box-description\">Garanta um ambiente seguro e higi\u00eanico para seus pequenos, com produtos espec\u00edficos para eliminar al\u00e9rgenos e garantir a sa\u00fade das crian\u00e7as.<\/p><\/div><\/div>\t\t\t\t<\/div>\n\t\t\t\t<\/div>\n\t\t\t\t\t<\/div>\n\t\t<\/div>\n\t\t\t\t<div class=\"elementor-column elementor-col-33 elementor-top-column elementor-element elementor-element-27717e63\" data-id=\"27717e63\" data-element_type=\"column\">\n\t\t\t<div class=\"elementor-widget-wrap elementor-element-populated\">\n\t\t\t\t\t\t<div class=\"elementor-element elementor-element-17a07b7 elementor-position-top elementor-widget elementor-widget-image-box\" data-id=\"17a07b7\" data-element_type=\"widget\" data-widget_type=\"image-box.default\">\n\t\t\t\t<div class=\"elementor-widget-container\">\n\t\t\t\t\t<div class=\"elementor-image-box-wrapper\"><figure class=\"elementor-image-box-img\"><img loading=\"lazy\" decoding=\"async\" width=\"2560\" height=\"1707\" src=\"https:\/\/solucaoclean.com.br\/wp-content\/uploads\/2024\/09\/business-meeting-room-high-rise-office-building-scaled.jpg\" class=\"attachment-full size-full wp-image-1029\" alt=\"\" srcset=\"https:\/\/solucaoclean.com.br\/wp-content\/uploads\/2024\/09\/business-meeting-room-high-rise-office-building-scaled.jpg 2560w, https:\/\/solucaoclean.com.br\/wp-content\/uploads\/2024\/09\/business-meeting-room-high-rise-office-building-300x200.jpg 300w, https:\/\/solucaoclean.com.br\/wp-content\/uploads\/2024\/09\/business-meeting-room-high-rise-office-building-1024x683.jpg 1024w, https:\/\/solucaoclean.com.br\/wp-content\/uploads\/2024\/09\/business-meeting-room-high-rise-office-building-768x512.jpg 768w, https:\/\/solucaoclean.com.br\/wp-content\/uploads\/2024\/09\/business-meeting-room-high-rise-office-building-1536x1024.jpg 1536w, https:\/\/solucaoclean.com.br\/wp-content\/uploads\/2024\/09\/business-meeting-room-high-rise-office-building-2048x1365.jpg 2048w, https:\/\/solucaoclean.com.br\/wp-content\/uploads\/2024\/09\/elementor\/thumbs\/business-meeting-room-high-rise-office-building-scaled-quwatcyhy9veterpp9erzssugxxhv9dl9xguhk1e3k.jpg 600w\" sizes=\"(max-width: 2560px) 100vw, 2560px\" \/><\/figure><div class=\"elementor-image-box-content\"><h3 class=\"elementor-image-box-title\">LINHA EMPRESARIAL <\/h3><p class=\"elementor-image-box-description\">Mantenha a imagem profissional da sua empresa com estofados impec\u00e1veis, prolongando sua vida \u00fatil e garantindo o conforto de seus clientes e funcion\u00e1rios.<\/p><\/div><\/div>\t\t\t\t<\/div>\n\t\t\t\t<\/div>\n\t\t\t\t\t<\/div>\n\t\t<\/div>\n\t\t\t\t\t<\/div>\n\t\t<\/section>\n\t\t\t\t<\/div>\n\t\t","protected":false},"excerpt":{"rendered":"<p>Conhe\u00e7a meus servi\u00e7os! Proteja sua fam\u00edlia. Contratar um profissional para limpar seus estofados \u00e9 investir na sa\u00fade, bem-estar e durabilidade de seus m\u00f3veis. Al\u00e9m disso, voc\u00ea ganha tempo e tranquilidade, sabendo que seus estofados est\u00e3o em boas m\u00e3os. Higieniza\u00e7\u00e3o total Proteja sua fam\u00edlia Ambiente puro e livre de al\u00e9rgenos Chame a gente! Linha domestica Transforme [&hellip;]<\/p>\n","protected":false},"author":1,"featured_media":0,"parent":0,"menu_order":0,"comment_status":"closed","ping_status":"closed","template":"","meta":{"footnotes":""},"class_list":["post-141","page","type-page","status-publish","hentry"],"_links":{"self":[{"href":"https:\/\/solucaoclean.com.br\/index.php\/wp-json\/wp\/v2\/pages\/141","targetHints":{"allow":["GET"]}}],"collection":[{"href":"https:\/\/solucaoclean.com.br\/index.php\/wp-json\/wp\/v2\/pages"}],"about":[{"href":"https:\/\/solucaoclean.com.br\/index.php\/wp-json\/wp\/v2\/types\/page"}],"author":[{"embeddable":true,"href":"https:\/\/solucaoclean.com.br\/index.php\/wp-json\/wp\/v2\/users\/1"}],"replies":[{"embeddable":true,"href":"https:\/\/solucaoclean.com.br\/index.php\/wp-json\/wp\/v2\/comments?post=141"}],"version-history":[{"count":34,"href":"https:\/\/solucaoclean.com.br\/index.php\/wp-json\/wp\/v2\/pages\/141\/revisions"}],"predecessor-version":[{"id":1210,"href":"https:\/\/solucaoclean.com.br\/index.php\/wp-json\/wp\/v2\/pages\/141\/revisions\/1210"}],"wp:attachment":[{"href":"https:\/\/solucaoclean.com.br\/index.php\/wp-json\/wp\/v2\/media?parent=141"}],"curies":[{"name":"wp","href":"https:\/\/api.w.org\/{rel}","templated":true}]}}