{"id":146,"date":"2024-06-08T11:45:08","date_gmt":"2024-06-08T14:45:08","guid":{"rendered":"https:\/\/solucaoclean.com.br\/?page_id=146"},"modified":"2024-10-11T17:58:54","modified_gmt":"2024-10-11T20:58:54","slug":"linha-baby","status":"publish","type":"page","link":"https:\/\/solucaoclean.com.br\/index.php\/linha-baby\/","title":{"rendered":"Linha Baby"},"content":{"rendered":"\t\t<div data-elementor-type=\"wp-page\" data-elementor-id=\"146\" class=\"elementor elementor-146\" data-elementor-post-type=\"page\">\n\t\t\t\t\t\t<section class=\"elementor-section elementor-top-section elementor-element elementor-element-385ab8f3 elementor-section-content-middle elementor-section-boxed elementor-section-height-default elementor-section-height-default\" data-id=\"385ab8f3\" data-element_type=\"section\" data-settings=\"{&quot;background_background&quot;:&quot;classic&quot;}\">\n\t\t\t\t\t\t\t<div class=\"elementor-background-overlay\"><\/div>\n\t\t\t\t\t\t\t<div class=\"elementor-container elementor-column-gap-wide\">\n\t\t\t\t\t<div class=\"elementor-column elementor-col-100 elementor-top-column elementor-element elementor-element-64747842\" data-id=\"64747842\" data-element_type=\"column\">\n\t\t\t<div class=\"elementor-widget-wrap elementor-element-populated\">\n\t\t\t\t\t\t<div class=\"elementor-element elementor-element-6f0dc471 elementor-invisible elementor-widget elementor-widget-heading\" data-id=\"6f0dc471\" data-element_type=\"widget\" data-settings=\"{&quot;_animation&quot;:&quot;fadeIn&quot;,&quot;_animation_delay&quot;:100}\" data-widget_type=\"heading.default\">\n\t\t\t\t<div class=\"elementor-widget-container\">\n\t\t\t\t\t<h2 class=\"elementor-heading-title elementor-size-default\">Higieniza\u00e7\u00e3o de Estofados Infantis<\/h2>\t\t\t\t<\/div>\n\t\t\t\t<\/div>\n\t\t\t\t<div class=\"elementor-element elementor-element-1760cca1 elementor-widget-divider--view-line elementor-invisible elementor-widget elementor-widget-divider\" data-id=\"1760cca1\" data-element_type=\"widget\" data-settings=\"{&quot;_animation&quot;:&quot;fadeIn&quot;,&quot;_animation_delay&quot;:300}\" data-widget_type=\"divider.default\">\n\t\t\t\t<div class=\"elementor-widget-container\">\n\t\t\t\t\t\t\t<div class=\"elementor-divider\">\n\t\t\t<span class=\"elementor-divider-separator\">\n\t\t\t\t\t\t<\/span>\n\t\t<\/div>\n\t\t\t\t\t\t<\/div>\n\t\t\t\t<\/div>\n\t\t\t\t<div class=\"elementor-element elementor-element-536727a1 elementor-invisible elementor-widget elementor-widget-heading\" data-id=\"536727a1\" data-element_type=\"widget\" data-settings=\"{&quot;_animation&quot;:&quot;fadeIn&quot;,&quot;_animation_delay&quot;:150}\" data-widget_type=\"heading.default\">\n\t\t\t\t<div class=\"elementor-widget-container\">\n\t\t\t\t\t<h2 class=\"elementor-heading-title elementor-size-default\">garantimos uma limpeza segura e eficiente, utilizando produtos que n\u00e3o prejudicam a sa\u00fade dos pequenos.\n<\/h2>\t\t\t\t<\/div>\n\t\t\t\t<\/div>\n\t\t\t\t<section class=\"elementor-section elementor-inner-section elementor-element elementor-element-640e0b8d envato-kit-141-top-0 elementor-section-boxed elementor-section-height-default elementor-section-height-default\" data-id=\"640e0b8d\" data-element_type=\"section\">\n\t\t\t\t\t\t<div class=\"elementor-container elementor-column-gap-default\">\n\t\t\t\t\t<div class=\"elementor-column elementor-col-33 elementor-inner-column elementor-element elementor-element-7e8edf4f elementor-invisible\" data-id=\"7e8edf4f\" data-element_type=\"column\" data-settings=\"{&quot;background_background&quot;:&quot;classic&quot;,&quot;animation&quot;:&quot;fadeIn&quot;,&quot;animation_delay&quot;:100}\">\n\t\t\t<div class=\"elementor-widget-wrap elementor-element-populated\">\n\t\t\t\t\t\t<div class=\"elementor-element elementor-element-24fa10f5 elementor-widget elementor-widget-image\" data-id=\"24fa10f5\" data-element_type=\"widget\" data-widget_type=\"image.default\">\n\t\t\t\t<div class=\"elementor-widget-container\">\n\t\t\t\t\t\t\t\t\t\t\t\t\t\t\t<img decoding=\"async\" src=\"http:\/\/solucaoclean.com.br\/wp-content\/uploads\/elementor\/thumbs\/young-mother-walking-autumn-park-with-carriage-scaled-quwaf1uxx2aa33jx92r81es8xsgcp4kon3yrhx94tc.jpg\" title=\"Young mother walking in a autumn park with carriage\" alt=\"Mother with son. Woman use the carriages. Family in a autumn city\" loading=\"lazy\" \/>\t\t\t\t\t\t\t\t\t\t\t\t\t\t\t<\/div>\n\t\t\t\t<\/div>\n\t\t\t\t<div class=\"elementor-element elementor-element-7e126215 elementor-widget elementor-widget-heading\" data-id=\"7e126215\" data-element_type=\"widget\" data-widget_type=\"heading.default\">\n\t\t\t\t<div class=\"elementor-widget-container\">\n\t\t\t\t\t<h2 class=\"elementor-heading-title elementor-size-default\">Carrinho de beb\u00ea<\/h2>\t\t\t\t<\/div>\n\t\t\t\t<\/div>\n\t\t\t\t<div class=\"elementor-element elementor-element-1186b8af elementor-widget elementor-widget-text-editor\" data-id=\"1186b8af\" data-element_type=\"widget\" data-widget_type=\"text-editor.default\">\n\t\t\t\t<div class=\"elementor-widget-container\">\n\t\t\t\t\t\t\t\t\t<p>O carrinho de beb\u00ea \u00e9 mais do que apenas um meio de transporte para o seu pequeno. \u00c9 o seu lar longe de casa, onde ele descansa, explora o mundo e, muitas vezes, at\u00e9 tira uma soneca. Por isso, manter o carrinho limpo e higienizado \u00e9 essencial para garantir a sa\u00fade e o bem-estar do seu beb\u00ea.<\/p>\t\t\t\t\t\t\t\t<\/div>\n\t\t\t\t<\/div>\n\t\t\t\t\t<\/div>\n\t\t<\/div>\n\t\t\t\t<div class=\"elementor-column elementor-col-33 elementor-inner-column elementor-element elementor-element-6b3f8118 elementor-invisible\" data-id=\"6b3f8118\" data-element_type=\"column\" data-settings=\"{&quot;background_background&quot;:&quot;classic&quot;,&quot;animation&quot;:&quot;fadeIn&quot;,&quot;animation_delay&quot;:200}\">\n\t\t\t<div class=\"elementor-widget-wrap elementor-element-populated\">\n\t\t\t\t\t\t<div class=\"elementor-element elementor-element-60124835 elementor-widget elementor-widget-image\" data-id=\"60124835\" data-element_type=\"widget\" data-widget_type=\"image.default\">\n\t\t\t\t<div class=\"elementor-widget-container\">\n\t\t\t\t\t\t\t\t\t\t\t\t\t\t\t<img decoding=\"async\" src=\"http:\/\/solucaoclean.com.br\/wp-content\/uploads\/elementor\/thumbs\/mother-hugging-baby-bed-scaled-quxk771bc8gxcrj68zujj09iayyobala8nxbr7j8o0.jpg\" title=\"mother-hugging-baby-bed\" alt=\"mother-hugging-baby-bed\" loading=\"lazy\" \/>\t\t\t\t\t\t\t\t\t\t\t\t\t\t\t<\/div>\n\t\t\t\t<\/div>\n\t\t\t\t<div class=\"elementor-element elementor-element-42c1495f elementor-widget elementor-widget-heading\" data-id=\"42c1495f\" data-element_type=\"widget\" data-widget_type=\"heading.default\">\n\t\t\t\t<div class=\"elementor-widget-container\">\n\t\t\t\t\t<h2 class=\"elementor-heading-title elementor-size-default\">Ber\u00e7o<\/h2>\t\t\t\t<\/div>\n\t\t\t\t<\/div>\n\t\t\t\t<div class=\"elementor-element elementor-element-2c5b33b0 elementor-widget elementor-widget-text-editor\" data-id=\"2c5b33b0\" data-element_type=\"widget\" data-widget_type=\"text-editor.default\">\n\t\t\t\t<div class=\"elementor-widget-container\">\n\t\t\t\t\t\t\t\t\t<p>O ber\u00e7o \u00e9 o primeiro lar do seu beb\u00ea, um lugar onde ele passa grande parte do seu tempo dormindo e se desenvolvendo. Por isso, manter o ber\u00e7o protegido e higienizado \u00e9 fundamental para garantir a sa\u00fade e o bem-estar do seu filho.<\/p>\t\t\t\t\t\t\t\t<\/div>\n\t\t\t\t<\/div>\n\t\t\t\t\t<\/div>\n\t\t<\/div>\n\t\t\t\t<div class=\"elementor-column elementor-col-33 elementor-inner-column elementor-element elementor-element-6d78a7d7 elementor-invisible\" data-id=\"6d78a7d7\" data-element_type=\"column\" data-settings=\"{&quot;background_background&quot;:&quot;classic&quot;,&quot;animation&quot;:&quot;fadeIn&quot;,&quot;animation_delay&quot;:300}\">\n\t\t\t<div class=\"elementor-widget-wrap elementor-element-populated\">\n\t\t\t\t\t\t<div class=\"elementor-element elementor-element-38867208 elementor-widget elementor-widget-image\" data-id=\"38867208\" data-element_type=\"widget\" data-widget_type=\"image.default\">\n\t\t\t\t<div class=\"elementor-widget-container\">\n\t\t\t\t\t\t\t\t\t\t\t\t\t\t\t<img decoding=\"async\" src=\"http:\/\/solucaoclean.com.br\/wp-content\/uploads\/elementor\/thumbs\/little-boy-child-safety-seat-sitting-patiently-back-car-scaled-quxjmkgtd48ekthsp2v9t7nd0kmpeepc2kjqmm497k.jpg\" title=\"Little boy in a child safety seat sitting patiently in the back\" alt=\"Little boy in a child safety seat sitting patiently in the back of a car.\nhappy asian family on mini van are smiling and driving for travel on vacation. happy family with spending time outdoor.\" loading=\"lazy\" \/>\t\t\t\t\t\t\t\t\t\t\t\t\t\t\t<\/div>\n\t\t\t\t<\/div>\n\t\t\t\t<div class=\"elementor-element elementor-element-63647d5d elementor-widget elementor-widget-heading\" data-id=\"63647d5d\" data-element_type=\"widget\" data-widget_type=\"heading.default\">\n\t\t\t\t<div class=\"elementor-widget-container\">\n\t\t\t\t\t<h2 class=\"elementor-heading-title elementor-size-default\">Bebe conforto<\/h2>\t\t\t\t<\/div>\n\t\t\t\t<\/div>\n\t\t\t\t<div class=\"elementor-element elementor-element-35aae688 elementor-widget elementor-widget-text-editor\" data-id=\"35aae688\" data-element_type=\"widget\" data-widget_type=\"text-editor.default\">\n\t\t\t\t<div class=\"elementor-widget-container\">\n\t\t\t\t\t\t\t\t\t<p>Um beb\u00ea conforto limpo e higienizado garante um ambiente seguro e confort\u00e1vel para o seu pequeno durante as viagens. Ao seguir essas dicas, voc\u00ea ter\u00e1 um passeio mais tranquilo e saud\u00e1vel para toda a fam\u00edlia.<\/p>\t\t\t\t\t\t\t\t<\/div>\n\t\t\t\t<\/div>\n\t\t\t\t\t<\/div>\n\t\t<\/div>\n\t\t\t\t\t<\/div>\n\t\t<\/section>\n\t\t\t\t\t<\/div>\n\t\t<\/div>\n\t\t\t\t\t<\/div>\n\t\t<\/section>\n\t\t\t\t<\/div>\n\t\t","protected":false},"excerpt":{"rendered":"<p>Higieniza\u00e7\u00e3o de Estofados Infantis garantimos uma limpeza segura e eficiente, utilizando produtos que n\u00e3o prejudicam a sa\u00fade dos pequenos. Carrinho de beb\u00ea O carrinho de beb\u00ea \u00e9 mais do que apenas um meio de transporte para o seu pequeno. \u00c9 o seu lar longe de casa, onde ele descansa, explora o mundo e, muitas vezes, [&hellip;]<\/p>\n","protected":false},"author":1,"featured_media":0,"parent":0,"menu_order":0,"comment_status":"closed","ping_status":"closed","template":"","meta":{"footnotes":""},"class_list":["post-146","page","type-page","status-publish","hentry"],"_links":{"self":[{"href":"https:\/\/solucaoclean.com.br\/index.php\/wp-json\/wp\/v2\/pages\/146","targetHints":{"allow":["GET"]}}],"collection":[{"href":"https:\/\/solucaoclean.com.br\/index.php\/wp-json\/wp\/v2\/pages"}],"about":[{"href":"https:\/\/solucaoclean.com.br\/index.php\/wp-json\/wp\/v2\/types\/page"}],"author":[{"embeddable":true,"href":"https:\/\/solucaoclean.com.br\/index.php\/wp-json\/wp\/v2\/users\/1"}],"replies":[{"embeddable":true,"href":"https:\/\/solucaoclean.com.br\/index.php\/wp-json\/wp\/v2\/comments?post=146"}],"version-history":[{"count":52,"href":"https:\/\/solucaoclean.com.br\/index.php\/wp-json\/wp\/v2\/pages\/146\/revisions"}],"predecessor-version":[{"id":1189,"href":"https:\/\/solucaoclean.com.br\/index.php\/wp-json\/wp\/v2\/pages\/146\/revisions\/1189"}],"wp:attachment":[{"href":"https:\/\/solucaoclean.com.br\/index.php\/wp-json\/wp\/v2\/media?parent=146"}],"curies":[{"name":"wp","href":"https:\/\/api.w.org\/{rel}","templated":true}]}}