{"id":147,"date":"2024-06-08T11:35:31","date_gmt":"2024-06-08T14:35:31","guid":{"rendered":"https:\/\/solucaoclean.com.br\/?page_id=147"},"modified":"2024-10-11T18:00:31","modified_gmt":"2024-10-11T21:00:31","slug":"linha-domestica","status":"publish","type":"page","link":"https:\/\/solucaoclean.com.br\/index.php\/linha-domestica\/","title":{"rendered":"Linha Dom\u00e9stica"},"content":{"rendered":"\t\t<div data-elementor-type=\"wp-page\" data-elementor-id=\"147\" class=\"elementor elementor-147\" data-elementor-post-type=\"page\">\n\t\t\t\t\t\t<section class=\"elementor-section elementor-top-section elementor-element elementor-element-29d856ba elementor-section-content-middle elementor-section-boxed elementor-section-height-default elementor-section-height-default\" data-id=\"29d856ba\" data-element_type=\"section\" data-settings=\"{&quot;background_background&quot;:&quot;classic&quot;}\">\n\t\t\t\t\t\t\t<div class=\"elementor-background-overlay\"><\/div>\n\t\t\t\t\t\t\t<div class=\"elementor-container elementor-column-gap-wide\">\n\t\t\t\t\t<div class=\"elementor-column elementor-col-100 elementor-top-column elementor-element elementor-element-669c8660\" data-id=\"669c8660\" data-element_type=\"column\">\n\t\t\t<div class=\"elementor-widget-wrap elementor-element-populated\">\n\t\t\t\t\t\t<div class=\"elementor-element elementor-element-380f2d27 elementor-invisible elementor-widget elementor-widget-heading\" data-id=\"380f2d27\" data-element_type=\"widget\" data-settings=\"{&quot;_animation&quot;:&quot;fadeIn&quot;,&quot;_animation_delay&quot;:100}\" data-widget_type=\"heading.default\">\n\t\t\t\t<div class=\"elementor-widget-container\">\n\t\t\t\t\t<h2 class=\"elementor-heading-title elementor-size-default\">Higieniza\u00e7\u00e3o Dom\u00e9stica <\/h2>\t\t\t\t<\/div>\n\t\t\t\t<\/div>\n\t\t\t\t<div class=\"elementor-element elementor-element-587bdf33 elementor-widget-divider--view-line elementor-invisible elementor-widget elementor-widget-divider\" data-id=\"587bdf33\" data-element_type=\"widget\" data-settings=\"{&quot;_animation&quot;:&quot;fadeIn&quot;,&quot;_animation_delay&quot;:300}\" data-widget_type=\"divider.default\">\n\t\t\t\t<div class=\"elementor-widget-container\">\n\t\t\t\t\t\t\t<div class=\"elementor-divider\">\n\t\t\t<span class=\"elementor-divider-separator\">\n\t\t\t\t\t\t<\/span>\n\t\t<\/div>\n\t\t\t\t\t\t<\/div>\n\t\t\t\t<\/div>\n\t\t\t\t<div class=\"elementor-element elementor-element-784cfc66 elementor-invisible elementor-widget elementor-widget-heading\" data-id=\"784cfc66\" data-element_type=\"widget\" data-settings=\"{&quot;_animation&quot;:&quot;fadeIn&quot;,&quot;_animation_delay&quot;:150}\" data-widget_type=\"heading.default\">\n\t\t\t\t<div class=\"elementor-widget-container\">\n\t\t\t\t\t<h2 class=\"elementor-heading-title elementor-size-default\">Mantenha seus estofados sempre bonitos e higienizados<\/h2>\t\t\t\t<\/div>\n\t\t\t\t<\/div>\n\t\t\t\t<section class=\"elementor-section elementor-inner-section elementor-element elementor-element-700a4212 envato-kit-141-top-0 elementor-section-boxed elementor-section-height-default elementor-section-height-default\" data-id=\"700a4212\" data-element_type=\"section\">\n\t\t\t\t\t\t<div class=\"elementor-container elementor-column-gap-default\">\n\t\t\t\t\t<div class=\"elementor-column elementor-col-33 elementor-inner-column elementor-element elementor-element-787c419f elementor-invisible\" data-id=\"787c419f\" data-element_type=\"column\" data-settings=\"{&quot;background_background&quot;:&quot;classic&quot;,&quot;animation&quot;:&quot;fadeIn&quot;,&quot;animation_delay&quot;:100}\">\n\t\t\t<div class=\"elementor-widget-wrap elementor-element-populated\">\n\t\t\t\t\t\t<div class=\"elementor-element elementor-element-2636cdca elementor-widget elementor-widget-image\" data-id=\"2636cdca\" data-element_type=\"widget\" data-widget_type=\"image.default\">\n\t\t\t\t<div class=\"elementor-widget-container\">\n\t\t\t\t\t\t\t\t\t\t\t\t\t\t\t<img fetchpriority=\"high\" decoding=\"async\" width=\"2048\" height=\"1348\" src=\"http:\/\/solucaoclean.com.br\/wp-content\/uploads\/2024\/10\/beautiful-interior-room-design-concept-2048x1348.jpg\" class=\"attachment-2048x2048 size-2048x2048 wp-image-1101\" alt=\"\" srcset=\"http:\/\/solucaoclean.com.br\/wp-content\/uploads\/2024\/10\/beautiful-interior-room-design-concept-2048x1348.jpg 2048w, http:\/\/solucaoclean.com.br\/wp-content\/uploads\/2024\/10\/beautiful-interior-room-design-concept-300x197.jpg 300w, http:\/\/solucaoclean.com.br\/wp-content\/uploads\/2024\/10\/beautiful-interior-room-design-concept-1024x674.jpg 1024w, http:\/\/solucaoclean.com.br\/wp-content\/uploads\/2024\/10\/beautiful-interior-room-design-concept-768x506.jpg 768w, http:\/\/solucaoclean.com.br\/wp-content\/uploads\/2024\/10\/beautiful-interior-room-design-concept-1536x1011.jpg 1536w\" sizes=\"(max-width: 2048px) 100vw, 2048px\" \/>\t\t\t\t\t\t\t\t\t\t\t\t\t\t\t<\/div>\n\t\t\t\t<\/div>\n\t\t\t\t<div class=\"elementor-element elementor-element-2c9a1729 elementor-widget elementor-widget-heading\" data-id=\"2c9a1729\" data-element_type=\"widget\" data-widget_type=\"heading.default\">\n\t\t\t\t<div class=\"elementor-widget-container\">\n\t\t\t\t\t<h2 class=\"elementor-heading-title elementor-size-default\">Sof\u00e1<\/h2>\t\t\t\t<\/div>\n\t\t\t\t<\/div>\n\t\t\t\t<div class=\"elementor-element elementor-element-47d08e83 elementor-widget elementor-widget-text-editor\" data-id=\"47d08e83\" data-element_type=\"widget\" data-widget_type=\"text-editor.default\">\n\t\t\t\t<div class=\"elementor-widget-container\">\n\t\t\t\t\t\t\t\t\t<p data-sourcepos=\"3:1-3:351\"><span>O sof\u00e1 \u00e9 um dos m\u00f3veis mais utilizados em nossas casas, sendo o local perfeito para relaxar e receber amigos e familiares. No entanto, com o tempo, acumula poeira, \u00e1caros, manchas e odores, o que pode prejudicar a sa\u00fade e a apar\u00eancia do ambiente. Por isso, a limpeza regular do sof\u00e1 \u00e9 fundamental para garantir um lar mais saud\u00e1vel e aconchegante.<\/span><\/p>\t\t\t\t\t\t\t\t<\/div>\n\t\t\t\t<\/div>\n\t\t\t\t\t<\/div>\n\t\t<\/div>\n\t\t\t\t<div class=\"elementor-column elementor-col-33 elementor-inner-column elementor-element elementor-element-6fe8d938 elementor-invisible\" data-id=\"6fe8d938\" data-element_type=\"column\" data-settings=\"{&quot;background_background&quot;:&quot;classic&quot;,&quot;animation&quot;:&quot;fadeIn&quot;,&quot;animation_delay&quot;:200}\">\n\t\t\t<div class=\"elementor-widget-wrap elementor-element-populated\">\n\t\t\t\t\t\t<div class=\"elementor-element elementor-element-3527c99 elementor-widget elementor-widget-image\" data-id=\"3527c99\" data-element_type=\"widget\" data-widget_type=\"image.default\">\n\t\t\t\t<div class=\"elementor-widget-container\">\n\t\t\t\t\t\t\t\t\t\t\t\t\t\t\t<img decoding=\"async\" width=\"2048\" height=\"1366\" src=\"http:\/\/solucaoclean.com.br\/wp-content\/uploads\/2024\/10\/full-shot-woman-reading-chair-2048x1366.jpg\" class=\"attachment-2048x2048 size-2048x2048 wp-image-1102\" alt=\"\" srcset=\"http:\/\/solucaoclean.com.br\/wp-content\/uploads\/2024\/10\/full-shot-woman-reading-chair-2048x1366.jpg 2048w, http:\/\/solucaoclean.com.br\/wp-content\/uploads\/2024\/10\/full-shot-woman-reading-chair-300x200.jpg 300w, http:\/\/solucaoclean.com.br\/wp-content\/uploads\/2024\/10\/full-shot-woman-reading-chair-1024x683.jpg 1024w, http:\/\/solucaoclean.com.br\/wp-content\/uploads\/2024\/10\/full-shot-woman-reading-chair-768x512.jpg 768w, http:\/\/solucaoclean.com.br\/wp-content\/uploads\/2024\/10\/full-shot-woman-reading-chair-1536x1024.jpg 1536w\" sizes=\"(max-width: 2048px) 100vw, 2048px\" \/>\t\t\t\t\t\t\t\t\t\t\t\t\t\t\t<\/div>\n\t\t\t\t<\/div>\n\t\t\t\t<div class=\"elementor-element elementor-element-1c500dbb elementor-widget elementor-widget-heading\" data-id=\"1c500dbb\" data-element_type=\"widget\" data-widget_type=\"heading.default\">\n\t\t\t\t<div class=\"elementor-widget-container\">\n\t\t\t\t\t<h2 class=\"elementor-heading-title elementor-size-default\">Poltrona <\/h2>\t\t\t\t<\/div>\n\t\t\t\t<\/div>\n\t\t\t\t<div class=\"elementor-element elementor-element-1e536323 elementor-widget elementor-widget-text-editor\" data-id=\"1e536323\" data-element_type=\"widget\" data-widget_type=\"text-editor.default\">\n\t\t\t\t<div class=\"elementor-widget-container\">\n\t\t\t\t\t\t\t\t\t<p>Uma poltrona de couro \u00e9 um \u00edcone de durabilidade e durabilidade, mas exige cuidados especiais para manter sua beleza e prolongar sua vida \u00fatil. Uma limpeza regular \u00e9 fundamental para remover a sujeira, o suor e os \u00f3leos naturais da pele, evitando o ressecamento e o aparecimento de rachaduras.<\/p>\t\t\t\t\t\t\t\t<\/div>\n\t\t\t\t<\/div>\n\t\t\t\t\t<\/div>\n\t\t<\/div>\n\t\t\t\t<div class=\"elementor-column elementor-col-33 elementor-inner-column elementor-element elementor-element-6725316e elementor-invisible\" data-id=\"6725316e\" data-element_type=\"column\" data-settings=\"{&quot;background_background&quot;:&quot;classic&quot;,&quot;animation&quot;:&quot;fadeIn&quot;,&quot;animation_delay&quot;:300}\">\n\t\t\t<div class=\"elementor-widget-wrap elementor-element-populated\">\n\t\t\t\t\t\t<div class=\"elementor-element elementor-element-52fe6a19 elementor-widget elementor-widget-image\" data-id=\"52fe6a19\" data-element_type=\"widget\" data-widget_type=\"image.default\">\n\t\t\t\t<div class=\"elementor-widget-container\">\n\t\t\t\t\t\t\t\t\t\t\t\t\t\t\t<img decoding=\"async\" width=\"2048\" height=\"1365\" src=\"http:\/\/solucaoclean.com.br\/wp-content\/uploads\/2024\/10\/full-shot-smiley-kid-laying-floor-2048x1365.jpg\" class=\"attachment-2048x2048 size-2048x2048 wp-image-1103\" alt=\"\" srcset=\"http:\/\/solucaoclean.com.br\/wp-content\/uploads\/2024\/10\/full-shot-smiley-kid-laying-floor-2048x1365.jpg 2048w, http:\/\/solucaoclean.com.br\/wp-content\/uploads\/2024\/10\/full-shot-smiley-kid-laying-floor-300x200.jpg 300w, http:\/\/solucaoclean.com.br\/wp-content\/uploads\/2024\/10\/full-shot-smiley-kid-laying-floor-1024x683.jpg 1024w, http:\/\/solucaoclean.com.br\/wp-content\/uploads\/2024\/10\/full-shot-smiley-kid-laying-floor-768x512.jpg 768w, http:\/\/solucaoclean.com.br\/wp-content\/uploads\/2024\/10\/full-shot-smiley-kid-laying-floor-1536x1024.jpg 1536w, http:\/\/solucaoclean.com.br\/wp-content\/uploads\/2024\/10\/elementor\/thumbs\/full-shot-smiley-kid-laying-floor-scaled-quxolw4d79ppip0lklczhyl4uwrlvmlu252in08e5c.jpg 600w\" sizes=\"(max-width: 2048px) 100vw, 2048px\" \/>\t\t\t\t\t\t\t\t\t\t\t\t\t\t\t<\/div>\n\t\t\t\t<\/div>\n\t\t\t\t<div class=\"elementor-element elementor-element-148665ac elementor-widget elementor-widget-heading\" data-id=\"148665ac\" data-element_type=\"widget\" data-widget_type=\"heading.default\">\n\t\t\t\t<div class=\"elementor-widget-container\">\n\t\t\t\t\t<h2 class=\"elementor-heading-title elementor-size-default\">Tapetes<\/h2>\t\t\t\t<\/div>\n\t\t\t\t<\/div>\n\t\t\t\t<div class=\"elementor-element elementor-element-45217676 elementor-widget elementor-widget-text-editor\" data-id=\"45217676\" data-element_type=\"widget\" data-widget_type=\"text-editor.default\">\n\t\t\t\t<div class=\"elementor-widget-container\">\n\t\t\t\t\t\t\t\t\t<p><span>O tapete \u00e9 um elemento decorativo que traz aconchego e beleza para qualquer ambiente. <\/span><span>No entanto, <\/span><span>com o tempo, <\/span><span>ele acumula poeira, <\/span><span>\u00e1caros, <\/span><span>manchas e odores, <\/span><span>o que pode prejudicar a sa\u00fade e a apar\u00eancia do seu lar. <\/span><span>Por isso, <\/span><span>a limpeza regular do tapete \u00e9 fundamental para garantir um ambiente mais saud\u00e1vel e agrad\u00e1vel.<\/span><\/p>\t\t\t\t\t\t\t\t<\/div>\n\t\t\t\t<\/div>\n\t\t\t\t\t<\/div>\n\t\t<\/div>\n\t\t\t\t\t<\/div>\n\t\t<\/section>\n\t\t\t\t\t<\/div>\n\t\t<\/div>\n\t\t\t\t\t<\/div>\n\t\t<\/section>\n\t\t\t\t<\/div>\n\t\t","protected":false},"excerpt":{"rendered":"<p>Higieniza\u00e7\u00e3o Dom\u00e9stica Mantenha seus estofados sempre bonitos e higienizados Sof\u00e1 O sof\u00e1 \u00e9 um dos m\u00f3veis mais utilizados em nossas casas, sendo o local perfeito para relaxar e receber amigos e familiares. No entanto, com o tempo, acumula poeira, \u00e1caros, manchas e odores, o que pode prejudicar a sa\u00fade e a apar\u00eancia do ambiente. Por [&hellip;]<\/p>\n","protected":false},"author":1,"featured_media":0,"parent":0,"menu_order":0,"comment_status":"closed","ping_status":"closed","template":"","meta":{"footnotes":""},"class_list":["post-147","page","type-page","status-publish","hentry"],"_links":{"self":[{"href":"https:\/\/solucaoclean.com.br\/index.php\/wp-json\/wp\/v2\/pages\/147","targetHints":{"allow":["GET"]}}],"collection":[{"href":"https:\/\/solucaoclean.com.br\/index.php\/wp-json\/wp\/v2\/pages"}],"about":[{"href":"https:\/\/solucaoclean.com.br\/index.php\/wp-json\/wp\/v2\/types\/page"}],"author":[{"embeddable":true,"href":"https:\/\/solucaoclean.com.br\/index.php\/wp-json\/wp\/v2\/users\/1"}],"replies":[{"embeddable":true,"href":"https:\/\/solucaoclean.com.br\/index.php\/wp-json\/wp\/v2\/comments?post=147"}],"version-history":[{"count":52,"href":"https:\/\/solucaoclean.com.br\/index.php\/wp-json\/wp\/v2\/pages\/147\/revisions"}],"predecessor-version":[{"id":1193,"href":"https:\/\/solucaoclean.com.br\/index.php\/wp-json\/wp\/v2\/pages\/147\/revisions\/1193"}],"wp:attachment":[{"href":"https:\/\/solucaoclean.com.br\/index.php\/wp-json\/wp\/v2\/media?parent=147"}],"curies":[{"name":"wp","href":"https:\/\/api.w.org\/{rel}","templated":true}]}}