{"id":148,"date":"2024-06-08T11:36:00","date_gmt":"2024-06-08T14:36:00","guid":{"rendered":"https:\/\/solucaoclean.com.br\/?page_id=148"},"modified":"2024-10-11T18:01:35","modified_gmt":"2024-10-11T21:01:35","slug":"linha-empresarial","status":"publish","type":"page","link":"https:\/\/solucaoclean.com.br\/index.php\/linha-empresarial\/","title":{"rendered":"Linha Empres\u00e1rial"},"content":{"rendered":"\t\t<div data-elementor-type=\"wp-page\" data-elementor-id=\"148\" class=\"elementor elementor-148\" data-elementor-post-type=\"page\">\n\t\t\t\t\t\t<section class=\"elementor-section elementor-top-section elementor-element elementor-element-2a8c8040 elementor-section-content-middle elementor-section-boxed elementor-section-height-default elementor-section-height-default\" data-id=\"2a8c8040\" data-element_type=\"section\" data-settings=\"{&quot;background_background&quot;:&quot;classic&quot;}\">\n\t\t\t\t\t\t\t<div class=\"elementor-background-overlay\"><\/div>\n\t\t\t\t\t\t\t<div class=\"elementor-container elementor-column-gap-wide\">\n\t\t\t\t\t<div class=\"elementor-column elementor-col-100 elementor-top-column elementor-element elementor-element-7212544e\" data-id=\"7212544e\" data-element_type=\"column\">\n\t\t\t<div class=\"elementor-widget-wrap elementor-element-populated\">\n\t\t\t\t\t\t<div class=\"elementor-element elementor-element-a6ad5 elementor-invisible elementor-widget elementor-widget-heading\" data-id=\"a6ad5\" data-element_type=\"widget\" data-settings=\"{&quot;_animation&quot;:&quot;fadeIn&quot;,&quot;_animation_delay&quot;:100}\" data-widget_type=\"heading.default\">\n\t\t\t\t<div class=\"elementor-widget-container\">\n\t\t\t\t\t<h2 class=\"elementor-heading-title elementor-size-default\">Higieniza\u00e7\u00e3o Empres\u00e1rial <\/h2>\t\t\t\t<\/div>\n\t\t\t\t<\/div>\n\t\t\t\t<div class=\"elementor-element elementor-element-71a87110 elementor-widget-divider--view-line elementor-invisible elementor-widget elementor-widget-divider\" data-id=\"71a87110\" data-element_type=\"widget\" data-settings=\"{&quot;_animation&quot;:&quot;fadeIn&quot;,&quot;_animation_delay&quot;:300}\" data-widget_type=\"divider.default\">\n\t\t\t\t<div class=\"elementor-widget-container\">\n\t\t\t\t\t\t\t<div class=\"elementor-divider\">\n\t\t\t<span class=\"elementor-divider-separator\">\n\t\t\t\t\t\t<\/span>\n\t\t<\/div>\n\t\t\t\t\t\t<\/div>\n\t\t\t\t<\/div>\n\t\t\t\t<div class=\"elementor-element elementor-element-60d3b8de elementor-widget__width-initial elementor-invisible elementor-widget elementor-widget-heading\" data-id=\"60d3b8de\" data-element_type=\"widget\" data-settings=\"{&quot;_animation&quot;:&quot;fadeIn&quot;,&quot;_animation_delay&quot;:150}\" data-widget_type=\"heading.default\">\n\t\t\t\t<div class=\"elementor-widget-container\">\n\t\t\t\t\t<h2 class=\"elementor-heading-title elementor-size-default\"> limpeza e higieniza\u00e7\u00e3o de estofados empresariais, garantindo um ambiente de trabalho mais agrad\u00e1vel e produtivo.\n<\/h2>\t\t\t\t<\/div>\n\t\t\t\t<\/div>\n\t\t\t\t<section class=\"elementor-section elementor-inner-section elementor-element elementor-element-4bc5f989 envato-kit-141-top-0 elementor-section-boxed elementor-section-height-default elementor-section-height-default\" data-id=\"4bc5f989\" data-element_type=\"section\">\n\t\t\t\t\t\t<div class=\"elementor-container elementor-column-gap-default\">\n\t\t\t\t\t<div class=\"elementor-column elementor-col-33 elementor-inner-column elementor-element elementor-element-e5d3cdb elementor-invisible\" data-id=\"e5d3cdb\" data-element_type=\"column\" data-settings=\"{&quot;background_background&quot;:&quot;classic&quot;,&quot;animation&quot;:&quot;fadeIn&quot;,&quot;animation_delay&quot;:100}\">\n\t\t\t<div class=\"elementor-widget-wrap elementor-element-populated\">\n\t\t\t\t\t\t<div class=\"elementor-element elementor-element-1a98f4b5 elementor-widget elementor-widget-image\" data-id=\"1a98f4b5\" data-element_type=\"widget\" data-widget_type=\"image.default\">\n\t\t\t\t<div class=\"elementor-widget-container\">\n\t\t\t\t\t\t\t\t\t\t\t\t\t\t\t<img decoding=\"async\" src=\"http:\/\/solucaoclean.com.br\/wp-content\/uploads\/elementor\/thumbs\/medium-shot-woman-with-laptop-scaled-quhoge58ok5y4979cys5207le0z660aid9115xuzs0.jpg\" title=\"medium-shot-woman-with-laptop\" alt=\"medium-shot-woman-with-laptop\" loading=\"lazy\" \/>\t\t\t\t\t\t\t\t\t\t\t\t\t\t\t<\/div>\n\t\t\t\t<\/div>\n\t\t\t\t<div class=\"elementor-element elementor-element-5cd50974 elementor-widget elementor-widget-heading\" data-id=\"5cd50974\" data-element_type=\"widget\" data-widget_type=\"heading.default\">\n\t\t\t\t<div class=\"elementor-widget-container\">\n\t\t\t\t\t<h2 class=\"elementor-heading-title elementor-size-default\">Sof\u00e1s <\/h2>\t\t\t\t<\/div>\n\t\t\t\t<\/div>\n\t\t\t\t<div class=\"elementor-element elementor-element-6049ec4e elementor-widget elementor-widget-text-editor\" data-id=\"6049ec4e\" data-element_type=\"widget\" data-widget_type=\"text-editor.default\">\n\t\t\t\t<div class=\"elementor-widget-container\">\n\t\t\t\t\t\t\t\t\t<p>Manter os sof\u00e1s da empresa limpos \u00e9 um investimento em sa\u00fade, bem-estar, imagem e produtividade. Ao cuidar da higiene dos seus estofados, voc\u00ea proporcionar\u00e1 um ambiente de trabalho mais saud\u00e1vel e agrad\u00e1vel para todos<\/p>\t\t\t\t\t\t\t\t<\/div>\n\t\t\t\t<\/div>\n\t\t\t\t\t<\/div>\n\t\t<\/div>\n\t\t\t\t<div class=\"elementor-column elementor-col-33 elementor-inner-column elementor-element elementor-element-7e488560 elementor-invisible\" data-id=\"7e488560\" data-element_type=\"column\" data-settings=\"{&quot;background_background&quot;:&quot;classic&quot;,&quot;animation&quot;:&quot;fadeIn&quot;,&quot;animation_delay&quot;:200}\">\n\t\t\t<div class=\"elementor-widget-wrap elementor-element-populated\">\n\t\t\t\t\t\t<div class=\"elementor-element elementor-element-5df965b6 elementor-widget elementor-widget-image\" data-id=\"5df965b6\" data-element_type=\"widget\" data-widget_type=\"image.default\">\n\t\t\t\t<div class=\"elementor-widget-container\">\n\t\t\t\t\t\t\t\t\t\t\t\t\t\t\t<img decoding=\"async\" src=\"http:\/\/solucaoclean.com.br\/wp-content\/uploads\/elementor\/thumbs\/modern-hotel-lobby-with-hallway-office-lounge-room-scaled-quxpgxqgxa7mz1x7aigecmk761r13quonsqu907an4.jpg\" title=\"Modern hotel lobby with hallway or office lounge room\" alt=\"Modern hotel lobby with hallway or office lounge room. Interior with wood paneling, leather sofa and chairs, round metallic tables and floor lamp. Downtown workspace design concept\" loading=\"lazy\" \/>\t\t\t\t\t\t\t\t\t\t\t\t\t\t\t<\/div>\n\t\t\t\t<\/div>\n\t\t\t\t<div class=\"elementor-element elementor-element-80d9ccb elementor-widget elementor-widget-heading\" data-id=\"80d9ccb\" data-element_type=\"widget\" data-widget_type=\"heading.default\">\n\t\t\t\t<div class=\"elementor-widget-container\">\n\t\t\t\t\t<h2 class=\"elementor-heading-title elementor-size-default\">Poltronas <\/h2>\t\t\t\t<\/div>\n\t\t\t\t<\/div>\n\t\t\t\t<div class=\"elementor-element elementor-element-6e445059 elementor-widget elementor-widget-text-editor\" data-id=\"6e445059\" data-element_type=\"widget\" data-widget_type=\"text-editor.default\">\n\t\t\t\t<div class=\"elementor-widget-container\">\n\t\t\t\t\t\t\t\t\t<p>Manter as poltronas da empresa limpas \u00e9 um investimento em sa\u00fade, bem-estar, imagem e produtividade. Ao cuidar da higiene dos seus estofados, voc\u00ea proporcionar\u00e1 um ambiente de trabalho mais saud\u00e1vel e agrad\u00e1vel para todos.<\/p>\t\t\t\t\t\t\t\t<\/div>\n\t\t\t\t<\/div>\n\t\t\t\t\t<\/div>\n\t\t<\/div>\n\t\t\t\t<div class=\"elementor-column elementor-col-33 elementor-inner-column elementor-element elementor-element-477e285c elementor-invisible\" data-id=\"477e285c\" data-element_type=\"column\" data-settings=\"{&quot;background_background&quot;:&quot;classic&quot;,&quot;animation&quot;:&quot;fadeIn&quot;,&quot;animation_delay&quot;:300}\">\n\t\t\t<div class=\"elementor-widget-wrap elementor-element-populated\">\n\t\t\t\t\t\t<div class=\"elementor-element elementor-element-7ea4a8a3 elementor-widget elementor-widget-image\" data-id=\"7ea4a8a3\" data-element_type=\"widget\" data-widget_type=\"image.default\">\n\t\t\t\t<div class=\"elementor-widget-container\">\n\t\t\t\t\t\t\t\t\t\t\t\t\t\t\t<img decoding=\"async\" src=\"http:\/\/solucaoclean.com.br\/wp-content\/uploads\/elementor\/thumbs\/business-meeting-room-high-rise-office-building-scaled-quwatcyhy9veterpp9erzssugxxhv9dl9xguhk1e3k.jpg\" title=\"business-meeting-room-high-rise-office-building\" alt=\"business-meeting-room-high-rise-office-building\" loading=\"lazy\" \/>\t\t\t\t\t\t\t\t\t\t\t\t\t\t\t<\/div>\n\t\t\t\t<\/div>\n\t\t\t\t<div class=\"elementor-element elementor-element-343bc2c4 elementor-widget elementor-widget-heading\" data-id=\"343bc2c4\" data-element_type=\"widget\" data-widget_type=\"heading.default\">\n\t\t\t\t<div class=\"elementor-widget-container\">\n\t\t\t\t\t<h2 class=\"elementor-heading-title elementor-size-default\">Cadeiras de Escritorio<\/h2>\t\t\t\t<\/div>\n\t\t\t\t<\/div>\n\t\t\t\t<div class=\"elementor-element elementor-element-e3cea29 elementor-widget elementor-widget-text-editor\" data-id=\"e3cea29\" data-element_type=\"widget\" data-widget_type=\"text-editor.default\">\n\t\t\t\t<div class=\"elementor-widget-container\">\n\t\t\t\t\t\t\t\t\t<p>As cadeiras de escrit\u00f3rio, assim como os sof\u00e1s e poltronas, tamb\u00e9m merecem aten\u00e7\u00e3o especial quando se trata de limpeza.<span> Afinal, s\u00e3o usados \u200b\u200bdiariamente e acumulam sujeira, bact\u00e9rias e outros agentes que podem prejudicar a sa\u00fade dos colaboradores e a imagem da empresa.<\/span><\/p>\t\t\t\t\t\t\t\t<\/div>\n\t\t\t\t<\/div>\n\t\t\t\t\t<\/div>\n\t\t<\/div>\n\t\t\t\t\t<\/div>\n\t\t<\/section>\n\t\t\t\t\t<\/div>\n\t\t<\/div>\n\t\t\t\t\t<\/div>\n\t\t<\/section>\n\t\t\t\t<\/div>\n\t\t","protected":false},"excerpt":{"rendered":"<p>Higieniza\u00e7\u00e3o Empres\u00e1rial limpeza e higieniza\u00e7\u00e3o de estofados empresariais, garantindo um ambiente de trabalho mais agrad\u00e1vel e produtivo. Sof\u00e1s Manter os sof\u00e1s da empresa limpos \u00e9 um investimento em sa\u00fade, bem-estar, imagem e produtividade. Ao cuidar da higiene dos seus estofados, voc\u00ea proporcionar\u00e1 um ambiente de trabalho mais saud\u00e1vel e agrad\u00e1vel para todos Poltronas Manter as [&hellip;]<\/p>\n","protected":false},"author":1,"featured_media":0,"parent":0,"menu_order":0,"comment_status":"closed","ping_status":"closed","template":"","meta":{"footnotes":""},"class_list":["post-148","page","type-page","status-publish","hentry"],"_links":{"self":[{"href":"https:\/\/solucaoclean.com.br\/index.php\/wp-json\/wp\/v2\/pages\/148","targetHints":{"allow":["GET"]}}],"collection":[{"href":"https:\/\/solucaoclean.com.br\/index.php\/wp-json\/wp\/v2\/pages"}],"about":[{"href":"https:\/\/solucaoclean.com.br\/index.php\/wp-json\/wp\/v2\/types\/page"}],"author":[{"embeddable":true,"href":"https:\/\/solucaoclean.com.br\/index.php\/wp-json\/wp\/v2\/users\/1"}],"replies":[{"embeddable":true,"href":"https:\/\/solucaoclean.com.br\/index.php\/wp-json\/wp\/v2\/comments?post=148"}],"version-history":[{"count":52,"href":"https:\/\/solucaoclean.com.br\/index.php\/wp-json\/wp\/v2\/pages\/148\/revisions"}],"predecessor-version":[{"id":1196,"href":"https:\/\/solucaoclean.com.br\/index.php\/wp-json\/wp\/v2\/pages\/148\/revisions\/1196"}],"wp:attachment":[{"href":"https:\/\/solucaoclean.com.br\/index.php\/wp-json\/wp\/v2\/media?parent=148"}],"curies":[{"name":"wp","href":"https:\/\/api.w.org\/{rel}","templated":true}]}}