{"id":57,"date":"2024-06-08T10:04:38","date_gmt":"2024-06-08T13:04:38","guid":{"rendered":"https:\/\/solucaoclean.com.br\/?page_id=57"},"modified":"2024-10-16T18:19:19","modified_gmt":"2024-10-16T21:19:19","slug":"quem-somos","status":"publish","type":"page","link":"https:\/\/solucaoclean.com.br\/index.php\/quem-somos\/","title":{"rendered":"Quem somos"},"content":{"rendered":"\t\t<div data-elementor-type=\"wp-page\" data-elementor-id=\"57\" class=\"elementor elementor-57\" data-elementor-post-type=\"page\">\n\t\t\t\t\t\t<section class=\"elementor-section elementor-top-section elementor-element elementor-element-1e5c25bf elementor-section-content-middle elementor-section-boxed elementor-section-height-default elementor-section-height-default\" data-id=\"1e5c25bf\" data-element_type=\"section\" data-settings=\"{&quot;background_background&quot;:&quot;classic&quot;}\">\n\t\t\t\t\t\t\t<div class=\"elementor-background-overlay\"><\/div>\n\t\t\t\t\t\t\t<div class=\"elementor-container elementor-column-gap-wide\">\n\t\t\t\t\t<div class=\"elementor-column elementor-col-100 elementor-top-column elementor-element elementor-element-1a23dbf2\" data-id=\"1a23dbf2\" data-element_type=\"column\">\n\t\t\t<div class=\"elementor-widget-wrap elementor-element-populated\">\n\t\t\t\t\t\t<div class=\"elementor-element elementor-element-8cd4081 elementor-widget-tablet__width-inherit elementor-invisible elementor-widget elementor-widget-heading\" data-id=\"8cd4081\" data-element_type=\"widget\" data-settings=\"{&quot;_animation&quot;:&quot;fadeIn&quot;,&quot;_animation_delay&quot;:100}\" data-widget_type=\"heading.default\">\n\t\t\t\t<div class=\"elementor-widget-container\">\n\t\t\t\t\t<h2 class=\"elementor-heading-title elementor-size-default\">Na Solu\u00e7\u00e3o Clean, acreditamos que um ambiente limpo faz toda a diferen\u00e7a. <\/h2>\t\t\t\t<\/div>\n\t\t\t\t<\/div>\n\t\t\t\t<div class=\"elementor-element elementor-element-760e7d1 elementor-widget-divider--view-line elementor-invisible elementor-widget elementor-widget-divider\" data-id=\"760e7d1\" data-element_type=\"widget\" data-settings=\"{&quot;_animation&quot;:&quot;fadeIn&quot;,&quot;_animation_delay&quot;:300}\" data-widget_type=\"divider.default\">\n\t\t\t\t<div class=\"elementor-widget-container\">\n\t\t\t\t\t\t\t<div class=\"elementor-divider\">\n\t\t\t<span class=\"elementor-divider-separator\">\n\t\t\t\t\t\t<\/span>\n\t\t<\/div>\n\t\t\t\t\t\t<\/div>\n\t\t\t\t<\/div>\n\t\t\t\t<section class=\"elementor-section elementor-inner-section elementor-element elementor-element-4022a599 envato-kit-141-top-0 elementor-section-full_width elementor-section-height-default elementor-section-height-default\" data-id=\"4022a599\" data-element_type=\"section\">\n\t\t\t\t\t\t<div class=\"elementor-container elementor-column-gap-wide\">\n\t\t\t\t\t<div class=\"elementor-column elementor-col-50 elementor-inner-column elementor-element elementor-element-2230fed2 elementor-invisible\" data-id=\"2230fed2\" data-element_type=\"column\" data-settings=\"{&quot;background_background&quot;:&quot;classic&quot;,&quot;animation&quot;:&quot;fadeIn&quot;,&quot;animation_delay&quot;:100}\">\n\t\t\t<div class=\"elementor-widget-wrap elementor-element-populated\">\n\t\t\t\t\t\t<div class=\"elementor-element elementor-element-32defd8 elementor-widget__width-initial elementor-widget-mobile__width-initial elementor-widget elementor-widget-image\" data-id=\"32defd8\" data-element_type=\"widget\" data-widget_type=\"image.default\">\n\t\t\t\t<div class=\"elementor-widget-container\">\n\t\t\t\t\t\t\t\t\t\t\t\t\t\t\t<img fetchpriority=\"high\" decoding=\"async\" width=\"512\" height=\"512\" src=\"https:\/\/solucaoclean.com.br\/wp-content\/uploads\/2024\/03\/cropped-cropped-sclean.png\" class=\"attachment-large size-large wp-image-687\" alt=\"\" srcset=\"https:\/\/solucaoclean.com.br\/wp-content\/uploads\/2024\/03\/cropped-cropped-sclean.png 512w, https:\/\/solucaoclean.com.br\/wp-content\/uploads\/2024\/03\/cropped-cropped-sclean-300x300.png 300w, https:\/\/solucaoclean.com.br\/wp-content\/uploads\/2024\/03\/cropped-cropped-sclean-150x150.png 150w, https:\/\/solucaoclean.com.br\/wp-content\/uploads\/2024\/03\/cropped-cropped-sclean-270x270.png 270w, https:\/\/solucaoclean.com.br\/wp-content\/uploads\/2024\/03\/cropped-cropped-sclean-192x192.png 192w, https:\/\/solucaoclean.com.br\/wp-content\/uploads\/2024\/03\/cropped-cropped-sclean-180x180.png 180w, https:\/\/solucaoclean.com.br\/wp-content\/uploads\/2024\/03\/cropped-cropped-sclean-32x32.png 32w\" sizes=\"(max-width: 512px) 100vw, 512px\" \/>\t\t\t\t\t\t\t\t\t\t\t\t\t\t\t<\/div>\n\t\t\t\t<\/div>\n\t\t\t\t\t<\/div>\n\t\t<\/div>\n\t\t\t\t<div class=\"elementor-column elementor-col-50 elementor-inner-column elementor-element elementor-element-6d294fdf elementor-invisible\" data-id=\"6d294fdf\" data-element_type=\"column\" data-settings=\"{&quot;background_background&quot;:&quot;classic&quot;,&quot;animation&quot;:&quot;fadeIn&quot;,&quot;animation_delay&quot;:300}\">\n\t\t\t<div class=\"elementor-widget-wrap elementor-element-populated\">\n\t\t\t\t\t\t<div class=\"elementor-element elementor-element-5793a4d1 elementor-widget elementor-widget-text-editor\" data-id=\"5793a4d1\" data-element_type=\"widget\" data-widget_type=\"text-editor.default\">\n\t\t\t\t<div class=\"elementor-widget-container\">\n\t\t\t\t\t\t\t\t\tCom uma equipe altamente <strong>treinada<\/strong> e <strong>dedicada<\/strong>, oferecemos servi\u00e7os de excel\u00eancia em limpeza e higieniza\u00e7\u00e3o de estofados, tanto para resid\u00eancias quanto para empresas. Nosso compromisso \u00e9 proporcionar o m\u00e1ximo de comodidade, realizando o servi\u00e7o no local de sua prefer\u00eancia e utilizando produtos de alta <strong>qualidade<\/strong> que garantem a prote\u00e7\u00e3o dos seus m\u00f3veis e da sa\u00fade de sua fam\u00edlia.\n\n&nbsp;\t\t\t\t\t\t\t\t<\/div>\n\t\t\t\t<\/div>\n\t\t\t\t\t<\/div>\n\t\t<\/div>\n\t\t\t\t\t<\/div>\n\t\t<\/section>\n\t\t\t\t\t<\/div>\n\t\t<\/div>\n\t\t\t\t\t<\/div>\n\t\t<\/section>\n\t\t\t\t<\/div>\n\t\t","protected":false},"excerpt":{"rendered":"<p>Na Solu\u00e7\u00e3o Clean, acreditamos que um ambiente limpo faz toda a diferen\u00e7a. Com uma equipe altamente treinada e dedicada, oferecemos servi\u00e7os de excel\u00eancia em limpeza e higieniza\u00e7\u00e3o de estofados, tanto para resid\u00eancias quanto para empresas. Nosso compromisso \u00e9 proporcionar o m\u00e1ximo de comodidade, realizando o servi\u00e7o no local de sua prefer\u00eancia e utilizando produtos de [&hellip;]<\/p>\n","protected":false},"author":1,"featured_media":0,"parent":0,"menu_order":0,"comment_status":"closed","ping_status":"closed","template":"","meta":{"footnotes":""},"class_list":["post-57","page","type-page","status-publish","hentry"],"_links":{"self":[{"href":"https:\/\/solucaoclean.com.br\/index.php\/wp-json\/wp\/v2\/pages\/57","targetHints":{"allow":["GET"]}}],"collection":[{"href":"https:\/\/solucaoclean.com.br\/index.php\/wp-json\/wp\/v2\/pages"}],"about":[{"href":"https:\/\/solucaoclean.com.br\/index.php\/wp-json\/wp\/v2\/types\/page"}],"author":[{"embeddable":true,"href":"https:\/\/solucaoclean.com.br\/index.php\/wp-json\/wp\/v2\/users\/1"}],"replies":[{"embeddable":true,"href":"https:\/\/solucaoclean.com.br\/index.php\/wp-json\/wp\/v2\/comments?post=57"}],"version-history":[{"count":94,"href":"https:\/\/solucaoclean.com.br\/index.php\/wp-json\/wp\/v2\/pages\/57\/revisions"}],"predecessor-version":[{"id":1288,"href":"https:\/\/solucaoclean.com.br\/index.php\/wp-json\/wp\/v2\/pages\/57\/revisions\/1288"}],"wp:attachment":[{"href":"https:\/\/solucaoclean.com.br\/index.php\/wp-json\/wp\/v2\/media?parent=57"}],"curies":[{"name":"wp","href":"https:\/\/api.w.org\/{rel}","templated":true}]}}